{"id":2302,"date":"2024-08-27T22:27:28","date_gmt":"2024-08-27T20:27:28","guid":{"rendered":"https:\/\/cto-impact.com\/consultation-ia\/"},"modified":"2025-06-23T19:15:19","modified_gmt":"2025-06-23T17:15:19","slug":"consultation-ia","status":"publish","type":"page","link":"https:\/\/cto-impact.com\/fr\/consultation-ia\/","title":{"rendered":"Consultation IA"},"content":{"rendered":"<p>[et_pb_section fb_built=\u00a0\u00bb1&Prime; admin_label=\u00a0\u00bbContact Page\u00a0\u00bb _builder_version=\u00a0\u00bb4.17.3&Prime; _module_preset=\u00a0\u00bbdefault\u00a0\u00bb custom_padding=\u00a0\u00bb0px|||||\u00a0\u00bb da_disable_devices=\u00a0\u00bboff|off|off\u00a0\u00bb global_colors_info=\u00a0\u00bb{}\u00a0\u00bb da_is_popup=\u00a0\u00bboff\u00a0\u00bb da_exit_intent=\u00a0\u00bboff\u00a0\u00bb da_has_close=\u00a0\u00bbon\u00a0\u00bb da_alt_close=\u00a0\u00bboff\u00a0\u00bb da_dark_close=\u00a0\u00bboff\u00a0\u00bb da_not_modal=\u00a0\u00bbon\u00a0\u00bb da_is_singular=\u00a0\u00bboff\u00a0\u00bb da_with_loader=\u00a0\u00bboff\u00a0\u00bb da_has_shadow=\u00a0\u00bbon\u00a0\u00bb][et_pb_row admin_label=\u00a0\u00bbContact\u00a0\u00bb _builder_version=\u00a0\u00bb4.16&Prime; _module_preset=\u00a0\u00bbdefault\u00a0\u00bb global_colors_info=\u00a0\u00bb{}\u00a0\u00bb][et_pb_column type=\u00a0\u00bb4_4&Prime; _builder_version=\u00a0\u00bb4.16&Prime; _module_preset=\u00a0\u00bbdefault\u00a0\u00bb global_colors_info=\u00a0\u00bb{}\u00a0\u00bb][et_pb_cta button_text=\u00a0\u00bbLire plus\u00a0\u00bb admin_label=\u00a0\u00bbContact Marc Pastre Call to Action\u00a0\u00bb _builder_version=\u00a0\u00bb4.27.0&Prime; _module_preset=\u00a0\u00bbdefault\u00a0\u00bb header_font=\u00a0\u00bb||||||||\u00a0\u00bb header_line_height=\u00a0\u00bb2em\u00a0\u00bb body_text_align=\u00a0\u00bbcenter\u00a0\u00bb background_color=\u00a0\u00bbRGBA(255,255,255,0)\u00a0\u00bb background_layout=\u00a0\u00bblight\u00a0\u00bb custom_padding=\u00a0\u00bb0px||0px||false|false\u00a0\u00bb animation_direction=\u00a0\u00bbright\u00a0\u00bb locked=\u00a0\u00bboff\u00a0\u00bb global_colors_info=\u00a0\u00bb{}\u00a0\u00bb]<\/p>\n<h1>Consultation IA gratuite<\/h1>\n<p>&nbsp;<\/p>\n<p>Planifiez une <strong>vid\u00e9oconf\u00e9rence <\/strong>sur le calendrier ci-dessous, et d\u00e9couvrez comment vous pouvez tirer parti de l&rsquo;<strong>IA pour acc\u00e9l\u00e9rer votre entreprise.<\/strong><\/p>\n<p>[\/et_pb_cta][et_pb_code _builder_version=\u00a0\u00bb4.27.4&Prime; _module_preset=\u00a0\u00bbdefault\u00a0\u00bb hover_enabled=\u00a0\u00bb0&Prime; global_colors_info=\u00a0\u00bb{}\u00a0\u00bb sticky_enabled=\u00a0\u00bb0&Prime;]<!-- Calendly inline widget begin --><!-- [et_pb_line_break_holder] --><\/p>\n<div class=\"calendly-inline-widget\" data-url=\"https:\/\/calendly.com\/marc-cto-impact\/ai?hide_gdpr_banner=1&amp;background_color=ffffff&amp;text_color=2c4a7f&amp;primary_color=2c4a7f\" style=\"min-width:320px;height:1100px;\"><\/div>\n<p><!-- [et_pb_line_break_holder] --><script type=\"text\/javascript\" src=\"https:\/\/assets.calendly.com\/assets\/external\/widget.js\" async=\"\"><\/script><!-- [et_pb_line_break_holder] --><!-- Calendly inline widget end -->[\/et_pb_code][\/et_pb_column][\/et_pb_row][\/et_pb_section]<\/p>\n","protected":false},"excerpt":{"rendered":"<p>Consultation IA gratuite &nbsp; Planifiez une vid\u00e9oconf\u00e9rence sur le calendrier ci-dessous, et d\u00e9couvrez comment vous pouvez tirer parti de l&rsquo;IA pour acc\u00e9l\u00e9rer votre entreprise.<\/p>\n","protected":false},"author":3,"featured_media":0,"parent":0,"menu_order":0,"comment_status":"closed","ping_status":"closed","template":"","meta":{"_et_pb_use_builder":"on","_et_pb_old_content":"","_et_gb_content_width":"","footnotes":""},"class_list":["post-2302","page","type-page","status-publish","hentry"],"yoast_head":"<!-- This site is optimized with the Yoast SEO Premium plugin v25.3.1 (Yoast SEO v25.3.1) - https:\/\/yoast.com\/wordpress\/plugins\/seo\/ -->\n<title>Consultation IA - CTO impact<\/title>\n<meta name=\"description\" content=\"Une consultation IA pour d\u00e9couvrir comment vous pouvez tirer le meilleur parti de l&#039;IA : Gagner du temps, optimiser vos processus, innover!\" \/>\n<meta name=\"robots\" content=\"noindex, follow\" \/>\n<meta property=\"og:locale\" content=\"fr_FR\" \/>\n<meta property=\"og:type\" content=\"article\" \/>\n<meta property=\"og:title\" content=\"Consultation IA\" \/>\n<meta property=\"og:description\" content=\"Une consultation IA pour d\u00e9couvrir comment vous pouvez tirer le meilleur parti de l&#039;IA : Gagner du temps, optimiser vos processus, innover!\" \/>\n<meta property=\"og:url\" content=\"https:\/\/cto-impact.com\/fr\/consultation-ia\/\" \/>\n<meta property=\"og:site_name\" content=\"CTO impact\" \/>\n<meta property=\"article:modified_time\" content=\"2025-06-23T17:15:19+00:00\" \/>\n<meta name=\"twitter:card\" content=\"summary_large_image\" \/>\n<meta name=\"twitter:label1\" content=\"Dur\u00e9e de lecture estim\u00e9e\" \/>\n\t<meta name=\"twitter:data1\" content=\"1 minute\" \/>\n<script type=\"application\/ld+json\" class=\"yoast-schema-graph\">{\"@context\":\"https:\/\/schema.org\",\"@graph\":[{\"@type\":\"WebPage\",\"@id\":\"https:\/\/cto-impact.com\/fr\/consultation-ia\/\",\"url\":\"https:\/\/cto-impact.com\/fr\/consultation-ia\/\",\"name\":\"Consultation IA - CTO impact\",\"isPartOf\":{\"@id\":\"https:\/\/cto-impact.com\/fr\/#website\"},\"datePublished\":\"2024-08-27T20:27:28+00:00\",\"dateModified\":\"2025-06-23T17:15:19+00:00\",\"description\":\"Une consultation IA pour d\u00e9couvrir comment vous pouvez tirer le meilleur parti de l'IA : Gagner du temps, optimiser vos processus, innover!\",\"breadcrumb\":{\"@id\":\"https:\/\/cto-impact.com\/fr\/consultation-ia\/#breadcrumb\"},\"inLanguage\":\"fr-FR\",\"potentialAction\":[{\"@type\":\"ReadAction\",\"target\":[\"https:\/\/cto-impact.com\/fr\/consultation-ia\/\"]}]},{\"@type\":\"BreadcrumbList\",\"@id\":\"https:\/\/cto-impact.com\/fr\/consultation-ia\/#breadcrumb\",\"itemListElement\":[{\"@type\":\"ListItem\",\"position\":1,\"name\":\"Home\",\"item\":\"https:\/\/cto-impact.com\/fr\/\"},{\"@type\":\"ListItem\",\"position\":2,\"name\":\"Consultation IA\"}]},{\"@type\":\"WebSite\",\"@id\":\"https:\/\/cto-impact.com\/fr\/#website\",\"url\":\"https:\/\/cto-impact.com\/fr\/\",\"name\":\"CTO impact\",\"description\":\"L\u2019expert suisse en strat\u00e9gie IA pour votre PME\",\"publisher\":{\"@id\":\"https:\/\/cto-impact.com\/fr\/#organization\"},\"inLanguage\":\"fr-FR\"},{\"@type\":\"Organization\",\"@id\":\"https:\/\/cto-impact.com\/fr\/#organization\",\"name\":\"CTO impact\",\"url\":\"https:\/\/cto-impact.com\/fr\/\",\"logo\":{\"@type\":\"ImageObject\",\"inLanguage\":\"fr-FR\",\"@id\":\"https:\/\/cto-impact.com\/fr\/#\/schema\/logo\/image\/\",\"url\":\"\",\"contentUrl\":\"\",\"caption\":\"CTO impact\"},\"image\":{\"@id\":\"https:\/\/cto-impact.com\/fr\/#\/schema\/logo\/image\/\"}}]}<\/script>\n<!-- \/ Yoast SEO Premium plugin. -->","yoast_head_json":{"title":"Consultation IA - CTO impact","description":"Une consultation IA pour d\u00e9couvrir comment vous pouvez tirer le meilleur parti de l'IA : Gagner du temps, optimiser vos processus, innover!","robots":{"index":"noindex","follow":"follow"},"og_locale":"fr_FR","og_type":"article","og_title":"Consultation IA","og_description":"Une consultation IA pour d\u00e9couvrir comment vous pouvez tirer le meilleur parti de l'IA : Gagner du temps, optimiser vos processus, innover!","og_url":"https:\/\/cto-impact.com\/fr\/consultation-ia\/","og_site_name":"CTO impact","article_modified_time":"2025-06-23T17:15:19+00:00","twitter_card":"summary_large_image","twitter_misc":{"Dur\u00e9e de lecture estim\u00e9e":"1 minute"},"schema":{"@context":"https:\/\/schema.org","@graph":[{"@type":"WebPage","@id":"https:\/\/cto-impact.com\/fr\/consultation-ia\/","url":"https:\/\/cto-impact.com\/fr\/consultation-ia\/","name":"Consultation IA - CTO impact","isPartOf":{"@id":"https:\/\/cto-impact.com\/fr\/#website"},"datePublished":"2024-08-27T20:27:28+00:00","dateModified":"2025-06-23T17:15:19+00:00","description":"Une consultation IA pour d\u00e9couvrir comment vous pouvez tirer le meilleur parti de l'IA : Gagner du temps, optimiser vos processus, innover!","breadcrumb":{"@id":"https:\/\/cto-impact.com\/fr\/consultation-ia\/#breadcrumb"},"inLanguage":"fr-FR","potentialAction":[{"@type":"ReadAction","target":["https:\/\/cto-impact.com\/fr\/consultation-ia\/"]}]},{"@type":"BreadcrumbList","@id":"https:\/\/cto-impact.com\/fr\/consultation-ia\/#breadcrumb","itemListElement":[{"@type":"ListItem","position":1,"name":"Home","item":"https:\/\/cto-impact.com\/fr\/"},{"@type":"ListItem","position":2,"name":"Consultation IA"}]},{"@type":"WebSite","@id":"https:\/\/cto-impact.com\/fr\/#website","url":"https:\/\/cto-impact.com\/fr\/","name":"CTO impact","description":"L\u2019expert suisse en strat\u00e9gie IA pour votre PME","publisher":{"@id":"https:\/\/cto-impact.com\/fr\/#organization"},"inLanguage":"fr-FR"},{"@type":"Organization","@id":"https:\/\/cto-impact.com\/fr\/#organization","name":"CTO impact","url":"https:\/\/cto-impact.com\/fr\/","logo":{"@type":"ImageObject","inLanguage":"fr-FR","@id":"https:\/\/cto-impact.com\/fr\/#\/schema\/logo\/image\/","url":"","contentUrl":"","caption":"CTO impact"},"image":{"@id":"https:\/\/cto-impact.com\/fr\/#\/schema\/logo\/image\/"}}]}},"_links":{"self":[{"href":"https:\/\/cto-impact.com\/fr\/wp-json\/wp\/v2\/pages\/2302","targetHints":{"allow":["GET"]}}],"collection":[{"href":"https:\/\/cto-impact.com\/fr\/wp-json\/wp\/v2\/pages"}],"about":[{"href":"https:\/\/cto-impact.com\/fr\/wp-json\/wp\/v2\/types\/page"}],"author":[{"embeddable":true,"href":"https:\/\/cto-impact.com\/fr\/wp-json\/wp\/v2\/users\/3"}],"replies":[{"embeddable":true,"href":"https:\/\/cto-impact.com\/fr\/wp-json\/wp\/v2\/comments?post=2302"}],"version-history":[{"count":7,"href":"https:\/\/cto-impact.com\/fr\/wp-json\/wp\/v2\/pages\/2302\/revisions"}],"predecessor-version":[{"id":2357,"href":"https:\/\/cto-impact.com\/fr\/wp-json\/wp\/v2\/pages\/2302\/revisions\/2357"}],"wp:attachment":[{"href":"https:\/\/cto-impact.com\/fr\/wp-json\/wp\/v2\/media?parent=2302"}],"curies":[{"name":"wp","href":"https:\/\/api.w.org\/{rel}","templated":true}]}}